{"id":92,"date":"2022-09-29T09:03:07","date_gmt":"2022-09-29T06:03:07","guid":{"rendered":"http:\/\/bekosanmakina.com\/?post_type=product&#038;p=92"},"modified":"2022-10-04T17:15:54","modified_gmt":"2022-10-04T14:15:54","slug":"urun-3","status":"publish","type":"product","link":"http:\/\/www.bekosanmakina.com\/en\/product\/urun-3\/","title":{"rendered":"Supurge"},"content":{"rendered":"<p>\u00dcr\u00fcn hakk\u0131nda ayr\u0131nt\u0131l\u0131\u00a0 bilgi almak i\u00e7in bizimle ileti\u015fime ge\u00e7iniz.<\/p>","protected":false},"excerpt":{"rendered":"<p>Mini Y\u00fckleyici Ata\u015fman\u0131<\/p>\n<p>Marka:<br \/>\nStok Kodu:<\/p>\n<div class=\"col-lg-6 col-md-6 col-xs-12 fiyat-row adet-hiza urun-detay-sepet-button\" style=\"margin-bottom:0px;\">\n<div class=\"urun-butons\">\n\t\t\t<a href=\"tel:0312 395 96 89\" class=\"urun-detay-butons\" style=\"width:97%;\"><br \/>\n\t\t\t\t <i class=\"fa fa-phone\"><\/i>   TIKLA ARA<br \/>\n\t\t\t<\/a>\n\t\t<\/div>\n<\/p><\/div>","protected":false},"featured_media":93,"comment_status":"open","ping_status":"closed","template":"","meta":[],"product_cat":[17],"product_tag":[],"class_list":["post-92","product","type-product","status-publish","has-post-thumbnail","hentry","product_cat-mini-yukleyici-atasmanlari"],"_links":{"self":[{"href":"http:\/\/www.bekosanmakina.com\/en\/wp-json\/wp\/v2\/product\/92","targetHints":{"allow":["GET"]}}],"collection":[{"href":"http:\/\/www.bekosanmakina.com\/en\/wp-json\/wp\/v2\/product"}],"about":[{"href":"http:\/\/www.bekosanmakina.com\/en\/wp-json\/wp\/v2\/types\/product"}],"replies":[{"embeddable":true,"href":"http:\/\/www.bekosanmakina.com\/en\/wp-json\/wp\/v2\/comments?post=92"}],"wp:featuredmedia":[{"embeddable":true,"href":"http:\/\/www.bekosanmakina.com\/en\/wp-json\/wp\/v2\/media\/93"}],"wp:attachment":[{"href":"http:\/\/www.bekosanmakina.com\/en\/wp-json\/wp\/v2\/media?parent=92"}],"wp:term":[{"taxonomy":"product_cat","embeddable":true,"href":"http:\/\/www.bekosanmakina.com\/en\/wp-json\/wp\/v2\/product_cat?post=92"},{"taxonomy":"product_tag","embeddable":true,"href":"http:\/\/www.bekosanmakina.com\/en\/wp-json\/wp\/v2\/product_tag?post=92"}],"curies":[{"name":"wp","href":"https:\/\/api.w.org\/{rel}","templated":true}]}}