{"id":250,"date":"2024-11-22T13:32:01","date_gmt":"2024-11-22T10:32:01","guid":{"rendered":"http:\/\/www.bekosanmakina.com\/?post_type=product&#038;p=250"},"modified":"2024-11-22T13:32:18","modified_gmt":"2024-11-22T10:32:18","slug":"tirmik-2","status":"publish","type":"product","link":"http:\/\/www.bekosanmakina.com\/en\/product\/tirmik-2\/","title":{"rendered":"T\u0131rm\u0131k"},"content":{"rendered":"<p>\u00dcr\u00fcn hakk\u0131nda ayr\u0131nt\u0131l\u0131\u00a0 bilgi almak i\u00e7in bizimle ileti\u015fime ge\u00e7iniz.<\/p>","protected":false},"excerpt":{"rendered":"<p>Mini Ekskavat\u00f6r Ata\u015fman\u0131<\/p>\n<p>Marka:<br \/>\nStok Kodu:<\/p>\n<div class=\"col-lg-6 col-md-6 col-xs-12 fiyat-row adet-hiza urun-detay-sepet-button\" style=\"margin-bottom: 0px;\">\n<div class=\"urun-butons\"><a class=\"urun-detay-butons\" style=\"width: 97%;\" href=\"tel:0312 395 96 89\"><br \/>\n<i class=\"fa fa-phone\"><\/i> TIKLA ARA<br \/>\n<\/a><\/div>\n<\/div>","protected":false},"featured_media":251,"comment_status":"closed","ping_status":"closed","template":"","meta":[],"product_cat":[16],"product_tag":[],"class_list":["post-250","product","type-product","status-publish","has-post-thumbnail","hentry","product_cat-mini-ekskavator-atasmanlari"],"_links":{"self":[{"href":"http:\/\/www.bekosanmakina.com\/en\/wp-json\/wp\/v2\/product\/250","targetHints":{"allow":["GET"]}}],"collection":[{"href":"http:\/\/www.bekosanmakina.com\/en\/wp-json\/wp\/v2\/product"}],"about":[{"href":"http:\/\/www.bekosanmakina.com\/en\/wp-json\/wp\/v2\/types\/product"}],"replies":[{"embeddable":true,"href":"http:\/\/www.bekosanmakina.com\/en\/wp-json\/wp\/v2\/comments?post=250"}],"wp:featuredmedia":[{"embeddable":true,"href":"http:\/\/www.bekosanmakina.com\/en\/wp-json\/wp\/v2\/media\/251"}],"wp:attachment":[{"href":"http:\/\/www.bekosanmakina.com\/en\/wp-json\/wp\/v2\/media?parent=250"}],"wp:term":[{"taxonomy":"product_cat","embeddable":true,"href":"http:\/\/www.bekosanmakina.com\/en\/wp-json\/wp\/v2\/product_cat?post=250"},{"taxonomy":"product_tag","embeddable":true,"href":"http:\/\/www.bekosanmakina.com\/en\/wp-json\/wp\/v2\/product_tag?post=250"}],"curies":[{"name":"wp","href":"https:\/\/api.w.org\/{rel}","templated":true}]}}