{"id":124,"date":"2022-09-29T09:26:41","date_gmt":"2022-09-29T06:26:41","guid":{"rendered":"http:\/\/bekosanmakina.com\/?post_type=product&#038;p=124"},"modified":"2024-09-06T10:42:17","modified_gmt":"2024-09-06T07:42:17","slug":"urun-4-3","status":"publish","type":"product","link":"http:\/\/www.bekosanmakina.com\/en\/product\/urun-4-3\/","title":{"rendered":"Pim-Bur\u00e7"},"content":{"rendered":"<p>\u00dcr\u00fcn hakk\u0131nda ayr\u0131nt\u0131l\u0131\u00a0 bilgi almak i\u00e7in bizimle ileti\u015fime ge\u00e7iniz.<\/p>","protected":false},"excerpt":{"rendered":"<p>Yedek Par\u00e7a<\/p>\n<p>Marka:<br \/>\nStok Kodu:<\/p>\n<div class=\"col-lg-6 col-md-6 col-xs-12 fiyat-row adet-hiza urun-detay-sepet-button\" style=\"margin-bottom:0px;\">\n<div class=\"urun-butons\">\n\t\t\t<a href=\"tel:0312 395 96 89\" class=\"urun-detay-butons\" style=\"width:97%;\"><br \/>\n\t\t\t\t <i class=\"fa fa-phone\"><\/i>   TIKLA ARA<br \/>\n\t\t\t<\/a>\n\t\t<\/div>\n<\/p><\/div>","protected":false},"featured_media":125,"comment_status":"open","ping_status":"closed","template":"","meta":[],"product_cat":[18],"product_tag":[],"class_list":["post-124","product","type-product","status-publish","has-post-thumbnail","hentry","product_cat-yedek-parca"],"_links":{"self":[{"href":"http:\/\/www.bekosanmakina.com\/en\/wp-json\/wp\/v2\/product\/124","targetHints":{"allow":["GET"]}}],"collection":[{"href":"http:\/\/www.bekosanmakina.com\/en\/wp-json\/wp\/v2\/product"}],"about":[{"href":"http:\/\/www.bekosanmakina.com\/en\/wp-json\/wp\/v2\/types\/product"}],"replies":[{"embeddable":true,"href":"http:\/\/www.bekosanmakina.com\/en\/wp-json\/wp\/v2\/comments?post=124"}],"wp:featuredmedia":[{"embeddable":true,"href":"http:\/\/www.bekosanmakina.com\/en\/wp-json\/wp\/v2\/media\/125"}],"wp:attachment":[{"href":"http:\/\/www.bekosanmakina.com\/en\/wp-json\/wp\/v2\/media?parent=124"}],"wp:term":[{"taxonomy":"product_cat","embeddable":true,"href":"http:\/\/www.bekosanmakina.com\/en\/wp-json\/wp\/v2\/product_cat?post=124"},{"taxonomy":"product_tag","embeddable":true,"href":"http:\/\/www.bekosanmakina.com\/en\/wp-json\/wp\/v2\/product_tag?post=124"}],"curies":[{"name":"wp","href":"https:\/\/api.w.org\/{rel}","templated":true}]}}