{"id":116,"date":"2022-09-29T09:24:14","date_gmt":"2022-09-29T06:24:14","guid":{"rendered":"http:\/\/bekosanmakina.com\/?post_type=product&#038;p=116"},"modified":"2022-10-04T17:23:08","modified_gmt":"2022-10-04T14:23:08","slug":"urun-2-2","status":"publish","type":"product","link":"http:\/\/www.bekosanmakina.com\/en\/product\/urun-2-2\/","title":{"rendered":"S\u00fcp\u00fcrge F\u0131r\u00e7as\u0131"},"content":{"rendered":"<p>\u00dcr\u00fcn hakk\u0131nda ayr\u0131nt\u0131l\u0131\u00a0 bilgi almak i\u00e7in bizimle ileti\u015fime ge\u00e7iniz.<\/p>","protected":false},"excerpt":{"rendered":"<p>Yedek Par\u00e7a<\/p>\n<p>Marka:<br \/>\nStok Kodu:<\/p>\n<div class=\"col-lg-6 col-md-6 col-xs-12 fiyat-row adet-hiza urun-detay-sepet-button\" style=\"margin-bottom:0px;\">\n<div class=\"urun-butons\">\n\t\t\t<a href=\"tel:0312 395 96 89\" class=\"urun-detay-butons\" style=\"width:97%;\"><br \/>\n\t\t\t\t <i class=\"fa fa-phone\"><\/i>   TIKLA ARA<br \/>\n\t\t\t<\/a>\n\t\t<\/div>\n<\/p><\/div>","protected":false},"featured_media":117,"comment_status":"open","ping_status":"closed","template":"","meta":[],"product_cat":[18],"product_tag":[],"class_list":["post-116","product","type-product","status-publish","has-post-thumbnail","hentry","product_cat-yedek-parca"],"_links":{"self":[{"href":"http:\/\/www.bekosanmakina.com\/en\/wp-json\/wp\/v2\/product\/116","targetHints":{"allow":["GET"]}}],"collection":[{"href":"http:\/\/www.bekosanmakina.com\/en\/wp-json\/wp\/v2\/product"}],"about":[{"href":"http:\/\/www.bekosanmakina.com\/en\/wp-json\/wp\/v2\/types\/product"}],"replies":[{"embeddable":true,"href":"http:\/\/www.bekosanmakina.com\/en\/wp-json\/wp\/v2\/comments?post=116"}],"wp:featuredmedia":[{"embeddable":true,"href":"http:\/\/www.bekosanmakina.com\/en\/wp-json\/wp\/v2\/media\/117"}],"wp:attachment":[{"href":"http:\/\/www.bekosanmakina.com\/en\/wp-json\/wp\/v2\/media?parent=116"}],"wp:term":[{"taxonomy":"product_cat","embeddable":true,"href":"http:\/\/www.bekosanmakina.com\/en\/wp-json\/wp\/v2\/product_cat?post=116"},{"taxonomy":"product_tag","embeddable":true,"href":"http:\/\/www.bekosanmakina.com\/en\/wp-json\/wp\/v2\/product_tag?post=116"}],"curies":[{"name":"wp","href":"https:\/\/api.w.org\/{rel}","templated":true}]}}