{"id":180,"date":"2023-02-10T15:12:16","date_gmt":"2023-02-10T12:12:16","guid":{"rendered":"http:\/\/www.bekosanmakina.com\/?page_id=180"},"modified":"2023-02-10T15:12:18","modified_gmt":"2023-02-10T12:12:18","slug":"bank-accounts","status":"publish","type":"page","link":"http:\/\/www.bekosanmakina.com\/en\/bank-accounts\/","title":{"rendered":"BANK ACCOUNTS"},"content":{"rendered":"<section class=\"office-section\" style=\"padding: 0px 0px 0px;\">\n\t\t<div class=\"auto-container\">\n\t\t\t<div class=\"inner-container\">\n\t\n\t\t\t\t<div class=\"title-box\" style=\"    padding-top: 25px;\t\t\t\tmargin-bottom: 35px;\">\n\t\t\t\t\t<h2>BANK ACCOUNT INFORMATION<\/h2>\n\t\t\t\t<\/div>\n\t\t\t\t<div class=\"row clearfix\">\n\t\t\t\t\n\t\t\t\t\n\t\t\t\n\t\t\t\t\t<div class=\"office-block col-lg-12 col-md-6 col-sm-12\">\n\t\t\t\t\t\t<div class=\"inner-box\" style=\"    padding: 0px 15px 0px;\">\n\t\t\t\t\t\t\t<div class=\"icon-box\" style=\"    background-color: #cfcdcd;padding: 0px 15px 0px;\">\n\t\t\t\t\t\t\t\t<img decoding=\"async\" src=\"http:\/\/bekosanmakina.com\/wp-content\/uploads\/2022\/09\/credit-cards-payment.png\" alt=\"\">\n\t\t\t\t\t\t\t<\/div>\n\t\t\t\t\t\t\t<h3>BEKOSAN CONSTRUCTION MACHINES <\/h3>\n\t\t\t\t\t\t\t<div class=\"text\">OFFICIAL ACCOUNT (PERSONAL COMPANY)<\/div>\n\t\t\t\t\t\t\t<div class=\"text\">Y\u00dcCEL \u00c7ULHA<\/div>\n\t\t\t\t\t\t\t<div class=\"text\">Z\u0130RAAT BANKASI<\/div>\n\t\t\t\t\t\t\t<div class=\"text\">IBAN: TR05 0001 0027 0959 1904 7750 01<\/div>\n\t\t\t\t\t\t\t<br>\n\t\t\t\t\t\t<\/div>\n\t\t\t\t\t<\/div>\n\t\t\n\t\t\t\t<\/div>\n\t\t\t<\/div>\n\t\t<\/div>\n\t<\/section>","protected":false},"excerpt":{"rendered":"<p>BANK ACCOUNT INFORMATION BEKOSAN CONSTRUCTION MACHINES OFFICIAL ACCOUNT (PERSONAL COMPANY) Y\u00dcCEL \u00c7ULHA Z\u0130RAAT BANKASI IBAN: TR05 0001 0027 0959 1904 7750 01<\/p>","protected":false},"author":1,"featured_media":0,"parent":0,"menu_order":0,"comment_status":"closed","ping_status":"closed","template":"","meta":{"footnotes":""},"class_list":["post-180","page","type-page","status-publish","hentry"],"_links":{"self":[{"href":"http:\/\/www.bekosanmakina.com\/en\/wp-json\/wp\/v2\/pages\/180","targetHints":{"allow":["GET"]}}],"collection":[{"href":"http:\/\/www.bekosanmakina.com\/en\/wp-json\/wp\/v2\/pages"}],"about":[{"href":"http:\/\/www.bekosanmakina.com\/en\/wp-json\/wp\/v2\/types\/page"}],"author":[{"embeddable":true,"href":"http:\/\/www.bekosanmakina.com\/en\/wp-json\/wp\/v2\/users\/1"}],"replies":[{"embeddable":true,"href":"http:\/\/www.bekosanmakina.com\/en\/wp-json\/wp\/v2\/comments?post=180"}],"version-history":[{"count":1,"href":"http:\/\/www.bekosanmakina.com\/en\/wp-json\/wp\/v2\/pages\/180\/revisions"}],"predecessor-version":[{"id":181,"href":"http:\/\/www.bekosanmakina.com\/en\/wp-json\/wp\/v2\/pages\/180\/revisions\/181"}],"wp:attachment":[{"href":"http:\/\/www.bekosanmakina.com\/en\/wp-json\/wp\/v2\/media?parent=180"}],"curies":[{"name":"wp","href":"https:\/\/api.w.org\/{rel}","templated":true}]}}